{"id":23690,"date":"2026-01-07T11:09:40","date_gmt":"2026-01-07T10:09:40","guid":{"rendered":"https:\/\/www.luxfilmfest.lu\/?page_id=23690"},"modified":"2026-02-13T09:57:06","modified_gmt":"2026-02-13T08:57:06","slug":"junges-publikum-jurys-2026","status":"publish","type":"page","link":"https:\/\/www.luxfilmfest.lu\/de\/jeune-public\/junges-publikum-jurys-2026\/","title":{"rendered":"Junges Publikum Jurys"},"content":{"rendered":"<p class=\"title-h2\">Les diff\u00e9rents jurys Jeune Public :<\/p>\n<ul>\n<li><span style=\"text-decoration: underline;\"><strong>Le Jury Enfants<\/strong><\/span><\/li>\n<\/ul>\n<p>Une classe d\u2019enfants de 8 \u00e0 12 ans sera invit\u00e9e \u00e0 visionner et analyser une s\u00e9lection de 5 films de la programmation Jeune Public. Ces \u00e9l\u00e8ves, qui formeront le \u00ab <strong>Jury Enfants 2026 <\/strong>\u00bb, d\u00e9cerneront, suite \u00e0 leur d\u00e9lib\u00e9ration, le \u00ab <strong>Prix du Jury Enfants<\/strong> \u00bb qui sera d\u00e9voil\u00e9 lors de la c\u00e9r\u00e9monie de remise de prix du Festival \u00e0 Kinepolis Kirchberg.<\/p>\n<p>Les \u00e9l\u00e8ves de la classe du cycle 4.1 de l&#8217;\u00e9cole fondamentale Kirchberg composeront ce jury.<\/p>\n<p>Les films en s\u00e9lection poru le Prix du Jury Enfants:<br \/>\n<em>&#8211; Les Contes du Pommier<br \/>\n<\/em><em>\u00a0-Ghost School<\/em><br \/>\n<em>&#8211; Olivia<\/em><br \/>\n<em>&#8211; Le Secret des M\u00e9sanges<\/em><br \/>\n<em>&#8211; Zirkuskind<\/em><\/p>\n<p>&nbsp;<\/p>\n<ul>\n<li><span style=\"text-decoration: underline;\"><strong>Le Jury Scolaire<\/strong><\/span><\/li>\n<\/ul>\n<p>Le \u00ab <strong>Jury Scolaire 2026<\/strong> \u00bb, compos\u00e9 d\u2019une classe de cin\u00e9philes de 12 \u00e0 15 ans, visionnera et jugera une s\u00e9lection de 5 films de la programmation Jeune Public. Les \u00e9l\u00e8ves d\u00e9cerneront, apr\u00e8s d\u00e9lib\u00e9ration, le \u00ab <strong>Prix du Jury Scolaire<\/strong> \u00bb qui sera d\u00e9voil\u00e9 lors de la c\u00e9r\u00e9monie de remise de prix du Festival \u00e0 Kinepolis Kirchberg.<\/p>\n<p>Les \u00e9l\u00e8ves de la classe 7G5 du lyc\u00e9e Filedgen 4.1 composeront ce jury.<\/p>\n<p>Les films en s\u00e9lection poru le Prix du Jury Enfants:\u00a0<em><br \/>\n<\/em><em>\u00a0-Ghost School<br \/>\n&#8211; Mit der Faust in die Welt Schlagen<br \/>\n<\/em><em>&#8211; Nulpen<\/em><br \/>\n<em>&#8211; Olivia<\/em><br \/>\n<em>&#8211; T\u00eates brul\u00e9es<\/em><\/p>\n<p>&nbsp;<\/p>\n<ul>\n<li><span style=\"text-decoration: underline;\"><strong>Le Jury Jeune by Kinepolis<\/strong><\/span><\/li>\n<\/ul>\n<p>Compos\u00e9 de jeunes cin\u00e9philes de 16 ans et plus, le Jury Jeune 2025 est appel\u00e9 \u00e0 visionner et analyser une s\u00e9lection de films du Festival dans diff\u00e9rentes cat\u00e9gories. Le Jury Jeune c\u00f4toiera les membres des jurys officiels et \u2013 suite \u00e0 ses d\u00e9lib\u00e9rations \u2013 d\u00e9cernera le<strong> \u00ab Prix du Jury Jeune \u2013 by Kinepolis \u00bb<\/strong> lors de la c\u00e9r\u00e9monie de remise de prix \u00e0 Kinepolis Kirchberg<\/p>\n<p>Les sept \u00e9l\u00e8ves de la classe 3e A M\u00e9dias du Lyc\u00e9e Robert-Schuman composeront ce jury.<\/p>\n","protected":false},"excerpt":{"rendered":"<p>Les diff\u00e9rents jurys Jeune Public : Le Jury Enfants Une classe d\u2019enfants de 8 \u00e0 12 ans sera invit\u00e9e \u00e0 visionner et analyser une s\u00e9lection de 5 films de la programmation Jeune Public. Ces \u00e9l\u00e8ves, qui formeront le \u00ab Jury Enfants 2026 \u00bb, d\u00e9cerneront, suite \u00e0 leur d\u00e9lib\u00e9ration, le \u00ab Prix du Jury Enfants \u00bb [&hellip;]<\/p>\n","protected":false},"author":17,"featured_media":0,"parent":1275,"menu_order":0,"comment_status":"closed","ping_status":"closed","template":"page-template-builder.php","meta":{"_acf_changed":false,"footnotes":""},"class_list":["post-23690","page","type-page","status-publish","hentry"],"acf":[],"_links":{"self":[{"href":"https:\/\/www.luxfilmfest.lu\/de\/wp-json\/wp\/v2\/pages\/23690","targetHints":{"allow":["GET"]}}],"collection":[{"href":"https:\/\/www.luxfilmfest.lu\/de\/wp-json\/wp\/v2\/pages"}],"about":[{"href":"https:\/\/www.luxfilmfest.lu\/de\/wp-json\/wp\/v2\/types\/page"}],"author":[{"embeddable":true,"href":"https:\/\/www.luxfilmfest.lu\/de\/wp-json\/wp\/v2\/users\/17"}],"replies":[{"embeddable":true,"href":"https:\/\/www.luxfilmfest.lu\/de\/wp-json\/wp\/v2\/comments?post=23690"}],"version-history":[{"count":3,"href":"https:\/\/www.luxfilmfest.lu\/de\/wp-json\/wp\/v2\/pages\/23690\/revisions"}],"predecessor-version":[{"id":23693,"href":"https:\/\/www.luxfilmfest.lu\/de\/wp-json\/wp\/v2\/pages\/23690\/revisions\/23693"}],"up":[{"embeddable":true,"href":"https:\/\/www.luxfilmfest.lu\/de\/wp-json\/wp\/v2\/pages\/1275"}],"wp:attachment":[{"href":"https:\/\/www.luxfilmfest.lu\/de\/wp-json\/wp\/v2\/media?parent=23690"}],"curies":[{"name":"wp","href":"https:\/\/api.w.org\/{rel}","templated":true}]}}