{"id":24748,"date":"2026-01-15T14:23:17","date_gmt":"2026-01-15T13:23:17","guid":{"rendered":"https:\/\/www.luxfilmfest.lu\/?page_id=24748"},"modified":"2026-02-18T16:39:51","modified_gmt":"2026-02-18T15:39:51","slug":"lux-film-fest-campus","status":"publish","type":"page","link":"https:\/\/www.luxfilmfest.lu\/de\/lux-film-fest-campus\/","title":{"rendered":"LuxFilmFest Campus"},"content":{"rendered":"<p>Pour la 4\u00e8me ann\u00e9e cons\u00e9cutive, le Luxembourg City Film Festival propose <strong>un week-end de professionnalisation<\/strong> tourn\u00e9 vers la population \u00e9tudiante du Grand-Duch\u00e9 ainsi que de la Grande R\u00e9gion.<\/p>\n<p>Du <strong>vendredi 6 au dimanche 8 mars 2026<\/strong>, les \u00e9tudiant\u00b7e\u00b7s en audiovisuel r\u00e9sident\u00b7e\u00b7s. ou issu\u00b7e\u00b7s. des pays frontaliers du Luxembourg pourront pleinement pro\ufb01ter de plusieurs <strong>moments de networking<\/strong> (conf\u00e9rences, rencontres et masterclass) et de <strong>projections de \ufb01lms en avant-premi\u00e8re<\/strong>.<\/p>\n<p>&nbsp;<\/p>\n<p><strong><span style=\"font-size: 1rem;\">Accr\u00e9ditation \u00e9tudiante gratuite sur demande (uniquement les \u00e9tudiant\u00b7es en audiovisuel)<\/span><\/strong><\/p>\n<p class=\"btn btn-centered block mx-auto\" data-pm-slice=\"1 1 []\"><a href=\"https:\/\/luxfilmfestfilms.megatix.be\/fr\/\" rel=\"noopener\">Demander son accr\u00e9ditation<\/a><\/p>\n","protected":false},"excerpt":{"rendered":"<p>Pour la 4\u00e8me ann\u00e9e cons\u00e9cutive, le Luxembourg City Film Festival propose un week-end de professionnalisation tourn\u00e9 vers la population \u00e9tudiante du Grand-Duch\u00e9 ainsi que de la Grande R\u00e9gion. Du vendredi 6 au dimanche 8 mars 2026, les \u00e9tudiant\u00b7e\u00b7s en audiovisuel r\u00e9sident\u00b7e\u00b7s. ou issu\u00b7e\u00b7s. des pays frontaliers du Luxembourg pourront pleinement pro\ufb01ter de plusieurs moments de [&hellip;]<\/p>\n","protected":false},"author":17,"featured_media":23873,"parent":0,"menu_order":0,"comment_status":"closed","ping_status":"closed","template":"page-template-builder.php","meta":{"_acf_changed":false,"footnotes":""},"class_list":["post-24748","page","type-page","status-publish","has-post-thumbnail","hentry"],"acf":[],"_links":{"self":[{"href":"https:\/\/www.luxfilmfest.lu\/de\/wp-json\/wp\/v2\/pages\/24748","targetHints":{"allow":["GET"]}}],"collection":[{"href":"https:\/\/www.luxfilmfest.lu\/de\/wp-json\/wp\/v2\/pages"}],"about":[{"href":"https:\/\/www.luxfilmfest.lu\/de\/wp-json\/wp\/v2\/types\/page"}],"author":[{"embeddable":true,"href":"https:\/\/www.luxfilmfest.lu\/de\/wp-json\/wp\/v2\/users\/17"}],"replies":[{"embeddable":true,"href":"https:\/\/www.luxfilmfest.lu\/de\/wp-json\/wp\/v2\/comments?post=24748"}],"version-history":[{"count":3,"href":"https:\/\/www.luxfilmfest.lu\/de\/wp-json\/wp\/v2\/pages\/24748\/revisions"}],"predecessor-version":[{"id":24932,"href":"https:\/\/www.luxfilmfest.lu\/de\/wp-json\/wp\/v2\/pages\/24748\/revisions\/24932"}],"wp:featuredmedia":[{"embeddable":true,"href":"https:\/\/www.luxfilmfest.lu\/de\/wp-json\/wp\/v2\/media\/23873"}],"wp:attachment":[{"href":"https:\/\/www.luxfilmfest.lu\/de\/wp-json\/wp\/v2\/media?parent=24748"}],"curies":[{"name":"wp","href":"https:\/\/api.w.org\/{rel}","templated":true}]}}