{"id":5343,"date":"2023-02-24T16:10:12","date_gmt":"2023-02-24T15:10:12","guid":{"rendered":"https:\/\/www.luxfilmfest.lu\/inscriptions-a-la-ceremonie-de-remise-de-prix\/"},"modified":"2023-02-24T16:45:08","modified_gmt":"2023-02-24T15:45:08","slug":"inscriptions-a-la-ceremonie-de-remise-de-prix","status":"publish","type":"page","link":"https:\/\/www.luxfilmfest.lu\/de\/inscriptions-a-la-ceremonie-de-remise-de-prix\/","title":{"rendered":"Inscriptions \u00e0 la C\u00e9r\u00e9monie de Remise de Prix"},"content":{"rendered":"<p style=\"text-align: center;\">Invitation \u00e0 la <strong>C\u00e9r\u00e9monie de Remise de Prix<\/strong> de la 13\u00e8me \u00e9dition du Luxembourg City Film Festival &#8211;<strong>\u00a0Kinepolis Kirchberg<\/strong><\/p>\n<p style=\"text-align: center;\">Invitation to the <strong>Awards Ceremony<\/strong> of the 13th Luxembourg City Film Festival &#8211;<strong>\u00a0Kinepolis Kirchberg<\/strong><\/p>\n<hr \/>\n\n","protected":false},"excerpt":{"rendered":"<p>Invitation \u00e0 la C\u00e9r\u00e9monie de Remise de Prix de la 13\u00e8me \u00e9dition du Luxembourg City Film Festival &#8211;\u00a0Kinepolis Kirchberg Invitation to the Awards Ceremony of the 13th Luxembourg City Film Festival &#8211;\u00a0Kinepolis Kirchberg<\/p>\n","protected":false},"author":3,"featured_media":4506,"parent":0,"menu_order":0,"comment_status":"closed","ping_status":"closed","template":"page-template-builder.php","meta":{"_acf_changed":false,"footnotes":""},"class_list":["post-5343","page","type-page","status-publish","has-post-thumbnail","hentry"],"acf":[],"_links":{"self":[{"href":"https:\/\/www.luxfilmfest.lu\/de\/wp-json\/wp\/v2\/pages\/5343","targetHints":{"allow":["GET"]}}],"collection":[{"href":"https:\/\/www.luxfilmfest.lu\/de\/wp-json\/wp\/v2\/pages"}],"about":[{"href":"https:\/\/www.luxfilmfest.lu\/de\/wp-json\/wp\/v2\/types\/page"}],"author":[{"embeddable":true,"href":"https:\/\/www.luxfilmfest.lu\/de\/wp-json\/wp\/v2\/users\/3"}],"replies":[{"embeddable":true,"href":"https:\/\/www.luxfilmfest.lu\/de\/wp-json\/wp\/v2\/comments?post=5343"}],"version-history":[{"count":2,"href":"https:\/\/www.luxfilmfest.lu\/de\/wp-json\/wp\/v2\/pages\/5343\/revisions"}],"predecessor-version":[{"id":5346,"href":"https:\/\/www.luxfilmfest.lu\/de\/wp-json\/wp\/v2\/pages\/5343\/revisions\/5346"}],"wp:featuredmedia":[{"embeddable":true,"href":"https:\/\/www.luxfilmfest.lu\/de\/wp-json\/wp\/v2\/media\/4506"}],"wp:attachment":[{"href":"https:\/\/www.luxfilmfest.lu\/de\/wp-json\/wp\/v2\/media?parent=5343"}],"curies":[{"name":"wp","href":"https:\/\/api.w.org\/{rel}","templated":true}]}}