{"id":5844,"date":"2023-03-05T21:11:19","date_gmt":"2023-03-05T20:11:19","guid":{"rendered":"https:\/\/www.luxfilmfest.lu\/?page_id=5844"},"modified":"2023-03-06T10:08:43","modified_gmt":"2023-03-06T09:08:43","slug":"prix-du-public-by-orange","status":"publish","type":"page","link":"https:\/\/www.luxfilmfest.lu\/de\/prix-du-public-by-orange\/","title":{"rendered":"Publikumsaward"},"content":{"rendered":"<p>Cette ann\u00e9e, 9 films sont en concurrence pour devenir PRIX DU PUBLIC BY ORANGE. Vous avez un coup de c\u0153ur ? Vous souhaitez soutenir un r\u00e9alisateur ? La balle est dans votre camp. A vos votes ! Pour cela rien de plus simple : il vous suffit de cliquer ci-dessous.<\/p>\n<p class=\"btn\">Votez pour le prix du Public<\/p>\n","protected":false},"excerpt":{"rendered":"<p>Cette ann\u00e9e, 9 films sont en concurrence pour devenir PRIX DU PUBLIC BY ORANGE. Vous avez un coup de c\u0153ur ? Vous souhaitez soutenir un r\u00e9alisateur ? La balle est dans votre camp. A vos votes ! Pour cela rien de plus simple : il vous suffit de cliquer ci-dessous. Votez pour le prix du [&hellip;]<\/p>\n","protected":false},"author":3,"featured_media":4506,"parent":0,"menu_order":0,"comment_status":"closed","ping_status":"closed","template":"page-template-builder.php","meta":{"_acf_changed":false,"footnotes":""},"class_list":["post-5844","page","type-page","status-publish","has-post-thumbnail","hentry"],"acf":[],"_links":{"self":[{"href":"https:\/\/www.luxfilmfest.lu\/de\/wp-json\/wp\/v2\/pages\/5844","targetHints":{"allow":["GET"]}}],"collection":[{"href":"https:\/\/www.luxfilmfest.lu\/de\/wp-json\/wp\/v2\/pages"}],"about":[{"href":"https:\/\/www.luxfilmfest.lu\/de\/wp-json\/wp\/v2\/types\/page"}],"author":[{"embeddable":true,"href":"https:\/\/www.luxfilmfest.lu\/de\/wp-json\/wp\/v2\/users\/3"}],"replies":[{"embeddable":true,"href":"https:\/\/www.luxfilmfest.lu\/de\/wp-json\/wp\/v2\/comments?post=5844"}],"version-history":[{"count":3,"href":"https:\/\/www.luxfilmfest.lu\/de\/wp-json\/wp\/v2\/pages\/5844\/revisions"}],"predecessor-version":[{"id":5852,"href":"https:\/\/www.luxfilmfest.lu\/de\/wp-json\/wp\/v2\/pages\/5844\/revisions\/5852"}],"wp:featuredmedia":[{"embeddable":true,"href":"https:\/\/www.luxfilmfest.lu\/de\/wp-json\/wp\/v2\/media\/4506"}],"wp:attachment":[{"href":"https:\/\/www.luxfilmfest.lu\/de\/wp-json\/wp\/v2\/media?parent=5844"}],"curies":[{"name":"wp","href":"https:\/\/api.w.org\/{rel}","templated":true}]}}