{"id":926,"date":"2022-12-09T09:28:03","date_gmt":"2022-12-09T08:28:03","guid":{"rendered":"https:\/\/www.luxfilmfest.lu\/?page_id=926"},"modified":"2025-11-18T11:08:36","modified_gmt":"2025-11-18T10:08:36","slug":"uber-uns","status":"publish","type":"page","link":"https:\/\/www.luxfilmfest.lu\/de\/uber-uns\/","title":{"rendered":"\u00dcber uns"},"content":{"rendered":"<p><strong>\u00dcber das Luxembourg City Film Festival<\/strong><\/p>\n<p>Mit \u00fcber 20.000 Teilnehmern im Jahr <strong>2022 <\/strong>(VR-Pavillon nicht miteinbezogen), von denen mehr als die H\u00e4lfte in Kinos\u00e4len waren, setzt das <strong>Luxembourg City Film Festival<\/strong> \u2013 in einem besonders schwierigen geopolitischen und gesundheitlichen Umfeld \u2013 seinen Weg an die Spitze des kulturellen Angebots des Landes fort. Das Festival ist mittlerweile ein fester Bestandteil der europ\u00e4ischen Festival-Landschaft.<\/p>\n<p>Das vom Kulturministerium und der Stadt Luxemburg gemeinsam unterst\u00fctzte Luxembourg City Film Festival ist das offizielle Filmfestival des Landes. Es bietet jedes Jahr ein sorgf\u00e4ltig zusammengestelltes Programm und zahlreiche exklusive Filmvorf\u00fchrungen an. Die elft\u00e4gige Veranstaltung bietet einen \u00dcberblick \u00fcber das zeitgen\u00f6ssische internationale Filmschaffen mit einer Auswahl an Spiel- und Dokumentarfilmen, Sondervorstellungen, nationalen Produktionen und ein auf junge Zuschauer zugeschnittenes Programm.<\/p>\n<p>Neben den <strong>265 Kinovorstellungen<\/strong> in den verschiedenen Partnerkinos (Cin\u00e9 Utopia, Kinepolis Kirchberg, Cin\u00e9math\u00e8que der Stadt Luxemburg) empfing das Festival im Jahr 2022 <strong>460 internationale G\u00e4ste und Fachleute<\/strong> und z\u00f6gert nicht, sich mit <strong>Themenabenden und Festen<\/strong> sowie einer Reihe von <strong>kostenlosen Workshops<\/strong>,<strong> Ausstellungen<\/strong> und <strong>Konzerten<\/strong> in den verschiedenen kulturellen Einrichtungen der Hauptstadt auch au\u00dferhalb der Stadtmauern zu zeigen. In den vergangenen zw\u00f6lf Jahren hat das Luxembourg City Film Festival nicht nur die Unterst\u00fctzung dieser nationalen Institutionen gewonnen, sondern auch Veranstaltungen mit internationalen Partnern wie den Vereinten Nationen, zahlreichen diplomatischen Vertretungen, der Europ\u00e4ischen Filmakademie, der Weltbank und anderen Festivals mitorganisiert.<\/p>\n<p>Seit der Ausgabe 2012 ist das Festival wettbewerbsf\u00e4hig geworden und zeichnet das beste internationale Kino in den Kategorien Spielfilm (10.000 \u20ac), Dokumentarfilm (5.000 \u20ac) und junges Publikum (2.000 \u20ac) aus. Im Jahr 2022 kam ein neuer Preis hinzu, der 2030 Award, mit dem ein Werk ausgezeichnet wird, das in den Bereich der Kooperation f\u00e4llt.<\/p>\n<p>Im Jahr 2022 nahm das amerikanische Magazin Moviemakers das Luxembourg City Film Festival in seine Auswahl der 25 coolsten Festivals der Welt auf.<\/p>\n<p>Das LuxFilmFest ist au\u00dferdem Mitbegr\u00fcnder des Netzwerks Europa Film Festivals, das derzeit 12 europ\u00e4ische Veranstaltungen umfasst. Derzeit \u00fcbernimmt es den Vorsitz dieses Verbandes.<\/p>\n<p>Vom <strong>2. bis 12. M\u00e4rz 2023<\/strong> kehrt das Festival in seiner 13. Ausgabe mit seinen 11-t\u00e4gigen Festlichkeiten im Stadtzentrum von Luxemburg wieder zur\u00fcck.<\/p>\n","protected":false},"excerpt":{"rendered":"<p>\u00dcber das Luxembourg City Film Festival Mit \u00fcber 20.000 Teilnehmern im Jahr 2022 (VR-Pavillon nicht miteinbezogen), von denen mehr als die H\u00e4lfte in Kinos\u00e4len waren, setzt das Luxembourg City Film Festival \u2013 in einem besonders schwierigen geopolitischen und gesundheitlichen Umfeld \u2013 seinen Weg an die Spitze des kulturellen Angebots des Landes fort. Das Festival ist [&hellip;]<\/p>\n","protected":false},"author":3,"featured_media":18202,"parent":0,"menu_order":0,"comment_status":"closed","ping_status":"closed","template":"page-template-builder.php","meta":{"_acf_changed":false,"footnotes":""},"class_list":["post-926","page","type-page","status-publish","has-post-thumbnail","hentry"],"acf":[],"_links":{"self":[{"href":"https:\/\/www.luxfilmfest.lu\/de\/wp-json\/wp\/v2\/pages\/926","targetHints":{"allow":["GET"]}}],"collection":[{"href":"https:\/\/www.luxfilmfest.lu\/de\/wp-json\/wp\/v2\/pages"}],"about":[{"href":"https:\/\/www.luxfilmfest.lu\/de\/wp-json\/wp\/v2\/types\/page"}],"author":[{"embeddable":true,"href":"https:\/\/www.luxfilmfest.lu\/de\/wp-json\/wp\/v2\/users\/3"}],"replies":[{"embeddable":true,"href":"https:\/\/www.luxfilmfest.lu\/de\/wp-json\/wp\/v2\/comments?post=926"}],"version-history":[{"count":3,"href":"https:\/\/www.luxfilmfest.lu\/de\/wp-json\/wp\/v2\/pages\/926\/revisions"}],"predecessor-version":[{"id":19161,"href":"https:\/\/www.luxfilmfest.lu\/de\/wp-json\/wp\/v2\/pages\/926\/revisions\/19161"}],"wp:featuredmedia":[{"embeddable":true,"href":"https:\/\/www.luxfilmfest.lu\/de\/wp-json\/wp\/v2\/media\/18202"}],"wp:attachment":[{"href":"https:\/\/www.luxfilmfest.lu\/de\/wp-json\/wp\/v2\/media?parent=926"}],"curies":[{"name":"wp","href":"https:\/\/api.w.org\/{rel}","templated":true}]}}